{"id":1207,"date":"2025-10-19T12:05:51","date_gmt":"2025-10-19T12:05:51","guid":{"rendered":"https:\/\/glavicclinicfoundation.org\/?page_id=1207"},"modified":"2025-10-28T07:46:45","modified_gmt":"2025-10-28T07:46:45","slug":"politica-de-privacidad","status":"publish","type":"page","link":"https:\/\/glavicclinicfoundation.org\/es\/politica-de-privacidad\/","title":{"rendered":"Pol\u00edtica de privacidad"},"content":{"rendered":"<div data-elementor-type=\"wp-page\" data-elementor-id=\"1207\" class=\"elementor elementor-1207\">\n\t\t\t\t<div class=\"elementor-element elementor-element-62916b7 e-grid e-con-boxed e-con e-parent\" data-id=\"62916b7\" data-element_type=\"container\" data-e-type=\"container\">\n\t\t\t\t\t<div class=\"e-con-inner\">\n\t\t<div class=\"elementor-element elementor-element-bc61b38 e-con-full e-flex e-con e-child\" data-id=\"bc61b38\" data-element_type=\"container\" data-e-type=\"container\">\n\t\t\t\t<div class=\"elementor-element elementor-element-5e54a1e elementor-widget elementor-widget-image\" data-id=\"5e54a1e\" data-element_type=\"widget\" data-e-type=\"widget\" data-widget_type=\"image.default\">\n\t\t\t\t<div class=\"elementor-widget-container\">\n\t\t\t\t\t\t\t\t\t\t\t\t\t\t\t\t<a href=\"https:\/\/glavicclinicfoundation.org\/\">\n\t\t\t\t\t\t\t<img decoding=\"async\" src=\"https:\/\/glavicclinicfoundation.org\/wp-content\/uploads\/elementor\/thumbs\/glavic_clinic_foundation_logo_black-rdftvfv5zqx54go45hxmnx7aqxxusokj202j22vj7a.png\" title=\"logotipo de la fundaci\u00f3n cl\u00ednica glavic negro\" alt=\"logotipo de la fundaci\u00f3n cl\u00ednica glavic negro\" loading=\"lazy\" \/>\t\t\t\t\t\t\t\t<\/a>\n\t\t\t\t\t\t\t\t\t\t\t\t\t\t\t<\/div>\n\t\t\t\t<\/div>\n\t\t\t\t<div class=\"elementor-element elementor-element-9c32517 elementor-widget elementor-widget-text-editor\" data-id=\"9c32517\" data-element_type=\"widget\" data-e-type=\"widget\" data-widget_type=\"text-editor.default\">\n\t\t\t\t<div class=\"elementor-widget-container\">\n\t\t\t\t\t\t\t\t\t<header class=\"entry-header ast-header-without-markup\"><\/header><h2>Pol\u00edtica de privacidad<\/h2><p>La navegaci\u00f3n por el sitio web de la Fundaci\u00f3n Cl\u00ednica Glavic es an\u00f3nima y no implica la recogida de datos que permitan su identificaci\u00f3n.<\/p><p>La Fundaci\u00f3n Cl\u00ednica Glavic recopila autom\u00e1ticamente informaci\u00f3n b\u00e1sica a trav\u00e9s de la herramienta Google Analytics, incluidos datos sobre el dispositivo que utiliza, su ubicaci\u00f3n (a nivel de ciudad o regi\u00f3n), las p\u00e1ginas visitadas y el tiempo pasado en el sitio. Utilizamos estos datos para prestar servicios, mantener la calidad y obtener informaci\u00f3n estad\u00edstica general relacionada con nuestro sitio web y nuestras aplicaciones. El propietario de los datos recogidos es la Fundaci\u00f3n Cl\u00ednica Glavic. Los datos se procesan de forma an\u00f3nima y no se utilizan para su identificaci\u00f3n personal.<\/p><h3><b>Donaciones<\/b><\/h3><p>En el sitio web de la Fundaci\u00f3n Cl\u00ednica Glavic, los datos personales se recogen exclusivamente a trav\u00e9s del formulario de donaci\u00f3n Donorbox. Al introducir sus datos personales en este formulario, confirma que los facilita voluntariamente y que podr\u00e1n ser utilizados \u00fanicamente con el fin de procesar su donaci\u00f3n y cumplir las obligaciones legales derivadas de la misma.<\/p><p>Cuando usted introduce sus datos personales y de pago en los campos de donaci\u00f3n, estos datos se procesan de acuerdo con las pol\u00edticas de privacidad de Donorbox y sus proveedores de servicios de pago asociados (Stripe, PayPal y otros). La Fundaci\u00f3n no tiene acceso ni almacena sus datos de pago.<\/p><p>Los datos personales son tratados conjuntamente por la Fundaci\u00f3n Cl\u00ednica Glavic, como responsable del tratamiento, y Donorbox, como encargado del tratamiento. Donorbox procesa los datos de acuerdo con sus propias pol\u00edticas de privacidad y normas de seguridad.<\/p><h3><b>Cookies<\/b><\/h3><p>La Fundaci\u00f3n Cl\u00ednica Glavic puede, si usted acepta el uso de cookies, utilizar los datos recogidos para proporcionar un servicio al cliente m\u00e1s eficiente, facilitar el uso del sitio web y de la aplicaci\u00f3n eliminando la necesidad de introducir repetidamente la misma informaci\u00f3n, o para adaptar el sitio web a sus preferencias e intereses personales.<\/p><p>La Fundaci\u00f3n Cl\u00ednica Glavic no vende, alquila ni cede los datos personales de los usuarios a terceros y protege sus datos personales frente al acceso no autorizado. La Fundaci\u00f3n Cl\u00ednica Glavic puede, si acepta el uso de cookies, compartir sus datos con socios comerciales de confianza para fines espec\u00edficos como an\u00e1lisis estad\u00edsticos, publicidad, atenci\u00f3n al cliente o necesidades similares. En tales casos, la Fundaci\u00f3n Cl\u00ednica Glavic prohibir\u00e1 al socio comercial el uso de sus datos para cualquier otro fin que no sea el acordado y exigir\u00e1 al socio que mantenga la confidencialidad de sus datos personales.<\/p><h3><b>Sus derechos<\/b><\/h3><p>Para cualquier consulta o para ejercer sus derechos en relaci\u00f3n con el tratamiento de sus datos, puede ponerse en contacto con la Fundaci\u00f3n Cl\u00ednica Glavic a trav\u00e9s de nuestro formulario de contacto o por tel\u00e9fono llamando al +385 99 162 9299.<\/p><p>El Reglamento General de Protecci\u00f3n de Datos (RGPD) establece derechos como el derecho a ser informado sobre el tratamiento de sus datos, el derecho a rectificar los datos inexactos, el derecho a la supresi\u00f3n y limitaci\u00f3n del tratamiento, el derecho a la portabilidad de los datos y el derecho de oposici\u00f3n.<\/p><p>Tiene derecho a presentar una reclamaci\u00f3n relativa a sus datos ante la Fundaci\u00f3n Cl\u00ednica Glavic a trav\u00e9s de nuestro formulario de contacto o llamando al +385 99 162 9299.<\/p><p>Tambi\u00e9n puede presentar una reclamaci\u00f3n ante la autoridad supervisora en materia de protecci\u00f3n de datos: la Agencia Croata de Protecci\u00f3n de Datos Personales (AZOP).<\/p><p><!-- \/wp:paragraph --><\/p>\t\t\t\t\t\t\t\t<\/div>\n\t\t\t\t<\/div>\n\t\t\t\t<\/div>\n\t\t\t\t\t<\/div>\n\t\t\t\t<\/div>\n\t\t\t\t<\/div>","protected":false},"excerpt":{"rendered":"<p>Privacy Policy Browsing\u00a0 the Glavic Clinic Foundation website is anonymous and does not involve the collection of data that would enable your identification. The Glavic Clinic Foundation automatically collects basic information through the Google Analytics tool, including data about the device you use, your location (at the city or region level), the pages viewed, and [&hellip;]<\/p>\n","protected":false},"author":1,"featured_media":0,"parent":0,"menu_order":0,"comment_status":"closed","ping_status":"closed","template":"","meta":{"site-sidebar-layout":"no-sidebar","site-content-layout":"page-builder","ast-site-content-layout":"full-width-container","site-content-style":"default","site-sidebar-style":"default","ast-global-header-display":"","ast-banner-title-visibility":"","ast-main-header-display":"","ast-hfb-above-header-display":"","ast-hfb-below-header-display":"","ast-hfb-mobile-header-display":"","site-post-title":"","ast-breadcrumbs-content":"","ast-featured-img":"disabled","footer-sml-layout":"","ast-disable-related-posts":"","theme-transparent-header-meta":"","adv-header-id-meta":"","stick-header-meta":"","header-above-stick-meta":"","header-main-stick-meta":"","header-below-stick-meta":"","astra-migrate-meta-layouts":"set","ast-page-background-enabled":"default","ast-page-background-meta":{"desktop":{"background-color":"","background-image":"","background-repeat":"repeat","background-position":"center center","background-size":"auto","background-attachment":"scroll","background-type":"","background-media":"","overlay-type":"","overlay-color":"","overlay-opacity":"","overlay-gradient":""},"tablet":{"background-color":"","background-image":"","background-repeat":"repeat","background-position":"center center","background-size":"auto","background-attachment":"scroll","background-type":"","background-media":"","overlay-type":"","overlay-color":"","overlay-opacity":"","overlay-gradient":""},"mobile":{"background-color":"","background-image":"","background-repeat":"repeat","background-position":"center center","background-size":"auto","background-attachment":"scroll","background-type":"","background-media":"","overlay-type":"","overlay-color":"","overlay-opacity":"","overlay-gradient":""}},"ast-content-background-meta":{"desktop":{"background-color":"var(--ast-global-color-5)","background-image":"","background-repeat":"repeat","background-position":"center center","background-size":"auto","background-attachment":"scroll","background-type":"","background-media":"","overlay-type":"","overlay-color":"","overlay-opacity":"","overlay-gradient":""},"tablet":{"background-color":"var(--ast-global-color-5)","background-image":"","background-repeat":"repeat","background-position":"center center","background-size":"auto","background-attachment":"scroll","background-type":"","background-media":"","overlay-type":"","overlay-color":"","overlay-opacity":"","overlay-gradient":""},"mobile":{"background-color":"var(--ast-global-color-5)","background-image":"","background-repeat":"repeat","background-position":"center center","background-size":"auto","background-attachment":"scroll","background-type":"","background-media":"","overlay-type":"","overlay-color":"","overlay-opacity":"","overlay-gradient":""}},"footnotes":""},"class_list":["post-1207","page","type-page","status-publish","hentry"],"_links":{"self":[{"href":"https:\/\/glavicclinicfoundation.org\/es\/wp-json\/wp\/v2\/pages\/1207","targetHints":{"allow":["GET"]}}],"collection":[{"href":"https:\/\/glavicclinicfoundation.org\/es\/wp-json\/wp\/v2\/pages"}],"about":[{"href":"https:\/\/glavicclinicfoundation.org\/es\/wp-json\/wp\/v2\/types\/page"}],"author":[{"embeddable":true,"href":"https:\/\/glavicclinicfoundation.org\/es\/wp-json\/wp\/v2\/users\/1"}],"replies":[{"embeddable":true,"href":"https:\/\/glavicclinicfoundation.org\/es\/wp-json\/wp\/v2\/comments?post=1207"}],"version-history":[{"count":41,"href":"https:\/\/glavicclinicfoundation.org\/es\/wp-json\/wp\/v2\/pages\/1207\/revisions"}],"predecessor-version":[{"id":1352,"href":"https:\/\/glavicclinicfoundation.org\/es\/wp-json\/wp\/v2\/pages\/1207\/revisions\/1352"}],"wp:attachment":[{"href":"https:\/\/glavicclinicfoundation.org\/es\/wp-json\/wp\/v2\/media?parent=1207"}],"curies":[{"name":"wp","href":"https:\/\/api.w.org\/{rel}","templated":true}]}}