{"id":1207,"date":"2025-10-19T12:05:51","date_gmt":"2025-10-19T12:05:51","guid":{"rendered":"https:\/\/glavicclinicfoundation.org\/?page_id=1207"},"modified":"2025-10-28T07:46:45","modified_gmt":"2025-10-28T07:46:45","slug":"pravila-o-privatnosti","status":"publish","type":"page","link":"https:\/\/glavicclinicfoundation.org\/hr\/pravila-o-privatnosti\/","title":{"rendered":"Pravila o privatnosti"},"content":{"rendered":"<div data-elementor-type=\"wp-page\" data-elementor-id=\"1207\" class=\"elementor elementor-1207\">\n\t\t\t\t<div class=\"elementor-element elementor-element-62916b7 e-grid e-con-boxed e-con e-parent\" data-id=\"62916b7\" data-element_type=\"container\" data-e-type=\"container\">\n\t\t\t\t\t<div class=\"e-con-inner\">\n\t\t<div class=\"elementor-element elementor-element-bc61b38 e-con-full e-flex e-con e-child\" data-id=\"bc61b38\" data-element_type=\"container\" data-e-type=\"container\">\n\t\t\t\t<div class=\"elementor-element elementor-element-5e54a1e elementor-widget elementor-widget-image\" data-id=\"5e54a1e\" data-element_type=\"widget\" data-e-type=\"widget\" data-widget_type=\"image.default\">\n\t\t\t\t<div class=\"elementor-widget-container\">\n\t\t\t\t\t\t\t\t\t\t\t\t\t\t\t\t<a href=\"https:\/\/glavicclinicfoundation.org\/\">\n\t\t\t\t\t\t\t<img decoding=\"async\" src=\"https:\/\/glavicclinicfoundation.org\/wp-content\/uploads\/elementor\/thumbs\/glavic_clinic_foundation_logo_black-rdftvfv5zqx54go45hxmnx7aqxxusokj202j22vj7a.png\" title=\"Crni logotip zaklade klinike Glavic\" alt=\"Crni logotip zaklade klinike Glavic\" loading=\"lazy\" \/>\t\t\t\t\t\t\t\t<\/a>\n\t\t\t\t\t\t\t\t\t\t\t\t\t\t\t<\/div>\n\t\t\t\t<\/div>\n\t\t\t\t<div class=\"elementor-element elementor-element-9c32517 elementor-widget elementor-widget-text-editor\" data-id=\"9c32517\" data-element_type=\"widget\" data-e-type=\"widget\" data-widget_type=\"text-editor.default\">\n\t\t\t\t<div class=\"elementor-widget-container\">\n\t\t\t\t\t\t\t\t\t<header class=\"entry-header ast-header-without-markup\"><\/header><h2>Pravila o privatnosti<\/h2><p>Pregledavanje web stranice Zaklade Glavic Clinic je anonimno i ne uklju\u010duje prikupljanje podataka koji bi omogu\u0107ili va\u0161u identifikaciju.<\/p><p>Zaklada Glavic Clinic automatski prikuplja osnovne podatke putem alata Google Analytics, uklju\u010duju\u0107i podatke o ure\u0111aju koji koristite, va\u0161oj lokaciji (na razini grada ili regije), pregledanim stranicama i vremenu provedenom na web-mjestu. Ove podatke koristimo za pru\u017eanje usluga, odr\u017eavanje kvalitete i dobivanje op\u0107ih statisti\u010dkih informacija vezanih uz na\u0161u web-stranicu i aplikacije. Vlasnik prikupljenih podataka je Zaklada Glavic Clinic. Podaci se obra\u0111uju u anonimiziranom obliku i ne koriste se za va\u0161u osobnu identifikaciju.<\/p><h3><b>Donacije<\/b><\/h3><p>Na web stranici Zaklade Glavic Clinic osobni se podaci prikupljaju isklju\u010divo putem obrasca za donacije Donorbox. Unosom svojih osobnih podataka u ovaj obrazac potvr\u0111ujete da svoje podatke dajete dobrovoljno te da se oni mogu koristiti isklju\u010divo u svrhu obrade va\u0161e donacije i ispunjavanja zakonskih obveza koje iz nje proizlaze.<\/p><p>Kada u polja za donacije unesete svoje osobne podatke i podatke o pla\u0107anju, ti se podaci obra\u0111uju u skladu s pravilima o privatnosti Donorboxa i njegovih povezanih pru\u017eatelja usluga pla\u0107anja (Stripe, PayPal i drugi). Zaklada nema pristup va\u0161im podacima o pla\u0107anju niti ih pohranjuje.<\/p><p>Osobne podatke zajedni\u010dki obra\u0111uju Zaklada Glavic Clinic, kao voditelj obrade podataka, i Donorbox, kao izvr\u0161itelj obrade podataka. Donorbox obra\u0111uje podatke u skladu s vlastitim politikama privatnosti i sigurnosnim standardima.<\/p><h3><b>Kola\u010di\u0107i<\/b><\/h3><p>Zaklada Glavic Clinic mo\u017ee, ako pristanete na upotrebu kola\u010di\u0107a, koristiti prikupljene podatke kako bi pru\u017eila u\u010dinkovitiju korisni\u010dku uslugu, olak\u0161ala kori\u0161tenje web stranice i aplikacije uklanjanjem potrebe za ponovljenim unosom istih podataka ili prilagodila web stranicu va\u0161im osobnim preferencijama i interesima.<\/p><p>Zaklada Glavic Clinic ne prodaje, ne iznajmljuje niti daje u zakup osobne podatke korisnika tre\u0107im stranama te \u0161titi va\u0161e osobne podatke od neovla\u0161tenog pristupa. Zaklada Glavic Clinic mo\u017ee, ako pristanete na kori\u0161tenje kola\u010di\u0107a, podijeliti va\u0161e podatke s pouzdanim poslovnim partnerima u odre\u0111ene svrhe kao \u0161to su statisti\u010dka analiza, ogla\u0161avanje, korisni\u010dka podr\u0161ka ili sli\u010dne potrebe. U takvim slu\u010dajevima, Zaklada Glavic Clinic Zaklada \u0107e zabraniti poslovnom partneru kori\u0161tenje va\u0161ih podataka u bilo koju drugu svrhu osim dogovorene i zahtijevat \u0107e od partnera da \u010duva povjerljivost va\u0161ih osobnih podataka.<\/p><h3><b>Va\u0161a prava<\/b><\/h3><p>Za sva pitanja ili ostvarivanje svojih prava u vezi s obradom va\u0161ih podataka, mo\u017eete se obratiti Zakladi Glavic Clinic putem na\u0161eg kontakt obrasca ili telefona na +385 99 162 9299.<\/p><p>Op\u0107a uredba o za\u0161titi podataka (GDPR) pru\u017ea prava, uklju\u010duju\u0107i pravo na informiranost o obradi va\u0161ih podataka, pravo na ispravak neto\u010dnih podataka, pravo na brisanje i ograni\u010davanje obrade, pravo na prenosivost podataka i pravo na prigovor.<\/p><p>Imate pravo podnijeti pritu\u017ebu u vezi s va\u0161im podacima Zakladi Glavic Clinic putem na\u0161eg kontakt obrasca ili pozivom na broj +385 99 162 9299.<\/p><p>Tako\u0111er mo\u017eete podnijeti pritu\u017ebu nadzornom tijelu za za\u0161titu podataka, Agenciji za za\u0161titu osobnih podataka (AZOP).<\/p><p><!-- \/wp:paragraph --><\/p>\t\t\t\t\t\t\t\t<\/div>\n\t\t\t\t<\/div>\n\t\t\t\t<\/div>\n\t\t\t\t\t<\/div>\n\t\t\t\t<\/div>\n\t\t\t\t<\/div>","protected":false},"excerpt":{"rendered":"<p>Privacy Policy Browsing\u00a0 the Glavic Clinic Foundation website is anonymous and does not involve the collection of data that would enable your identification. The Glavic Clinic Foundation automatically collects basic information through the Google Analytics tool, including data about the device you use, your location (at the city or region level), the pages viewed, and [&hellip;]<\/p>\n","protected":false},"author":1,"featured_media":0,"parent":0,"menu_order":0,"comment_status":"closed","ping_status":"closed","template":"","meta":{"site-sidebar-layout":"no-sidebar","site-content-layout":"page-builder","ast-site-content-layout":"full-width-container","site-content-style":"default","site-sidebar-style":"default","ast-global-header-display":"","ast-banner-title-visibility":"","ast-main-header-display":"","ast-hfb-above-header-display":"","ast-hfb-below-header-display":"","ast-hfb-mobile-header-display":"","site-post-title":"","ast-breadcrumbs-content":"","ast-featured-img":"disabled","footer-sml-layout":"","ast-disable-related-posts":"","theme-transparent-header-meta":"","adv-header-id-meta":"","stick-header-meta":"","header-above-stick-meta":"","header-main-stick-meta":"","header-below-stick-meta":"","astra-migrate-meta-layouts":"set","ast-page-background-enabled":"default","ast-page-background-meta":{"desktop":{"background-color":"","background-image":"","background-repeat":"repeat","background-position":"center center","background-size":"auto","background-attachment":"scroll","background-type":"","background-media":"","overlay-type":"","overlay-color":"","overlay-opacity":"","overlay-gradient":""},"tablet":{"background-color":"","background-image":"","background-repeat":"repeat","background-position":"center center","background-size":"auto","background-attachment":"scroll","background-type":"","background-media":"","overlay-type":"","overlay-color":"","overlay-opacity":"","overlay-gradient":""},"mobile":{"background-color":"","background-image":"","background-repeat":"repeat","background-position":"center center","background-size":"auto","background-attachment":"scroll","background-type":"","background-media":"","overlay-type":"","overlay-color":"","overlay-opacity":"","overlay-gradient":""}},"ast-content-background-meta":{"desktop":{"background-color":"var(--ast-global-color-5)","background-image":"","background-repeat":"repeat","background-position":"center center","background-size":"auto","background-attachment":"scroll","background-type":"","background-media":"","overlay-type":"","overlay-color":"","overlay-opacity":"","overlay-gradient":""},"tablet":{"background-color":"var(--ast-global-color-5)","background-image":"","background-repeat":"repeat","background-position":"center center","background-size":"auto","background-attachment":"scroll","background-type":"","background-media":"","overlay-type":"","overlay-color":"","overlay-opacity":"","overlay-gradient":""},"mobile":{"background-color":"var(--ast-global-color-5)","background-image":"","background-repeat":"repeat","background-position":"center center","background-size":"auto","background-attachment":"scroll","background-type":"","background-media":"","overlay-type":"","overlay-color":"","overlay-opacity":"","overlay-gradient":""}},"footnotes":""},"class_list":["post-1207","page","type-page","status-publish","hentry"],"_links":{"self":[{"href":"https:\/\/glavicclinicfoundation.org\/hr\/wp-json\/wp\/v2\/pages\/1207","targetHints":{"allow":["GET"]}}],"collection":[{"href":"https:\/\/glavicclinicfoundation.org\/hr\/wp-json\/wp\/v2\/pages"}],"about":[{"href":"https:\/\/glavicclinicfoundation.org\/hr\/wp-json\/wp\/v2\/types\/page"}],"author":[{"embeddable":true,"href":"https:\/\/glavicclinicfoundation.org\/hr\/wp-json\/wp\/v2\/users\/1"}],"replies":[{"embeddable":true,"href":"https:\/\/glavicclinicfoundation.org\/hr\/wp-json\/wp\/v2\/comments?post=1207"}],"version-history":[{"count":41,"href":"https:\/\/glavicclinicfoundation.org\/hr\/wp-json\/wp\/v2\/pages\/1207\/revisions"}],"predecessor-version":[{"id":1352,"href":"https:\/\/glavicclinicfoundation.org\/hr\/wp-json\/wp\/v2\/pages\/1207\/revisions\/1352"}],"wp:attachment":[{"href":"https:\/\/glavicclinicfoundation.org\/hr\/wp-json\/wp\/v2\/media?parent=1207"}],"curies":[{"name":"wp","href":"https:\/\/api.w.org\/{rel}","templated":true}]}}