{"id":384,"date":"2025-10-18T07:05:27","date_gmt":"2025-10-18T07:05:27","guid":{"rendered":"https:\/\/glavicclinicfoundation.org\/about-us\/"},"modified":"2026-01-13T10:50:50","modified_gmt":"2026-01-13T10:50:50","slug":"o-nama","status":"publish","type":"page","link":"https:\/\/glavicclinicfoundation.org\/hr\/o-nama\/","title":{"rendered":"O nama"},"content":{"rendered":"<div data-elementor-type=\"wp-page\" data-elementor-id=\"384\" class=\"elementor elementor-384\">\n\t\t\t\t<div class=\"elementor-element elementor-element-bbef9d3 e-flex e-con-boxed e-con e-parent\" data-id=\"bbef9d3\" data-element_type=\"container\" data-e-type=\"container\" data-settings=\"{&quot;background_background&quot;:&quot;classic&quot;}\">\n\t\t\t\t\t<div class=\"e-con-inner\">\n\t\t<div class=\"elementor-element elementor-element-5c46ef4 e-con-full e-flex e-con e-child\" data-id=\"5c46ef4\" data-element_type=\"container\" data-e-type=\"container\">\n\t\t\t\t<div class=\"elementor-element elementor-element-25c0ef8 elementor-widget elementor-widget-heading\" data-id=\"25c0ef8\" data-element_type=\"widget\" data-e-type=\"widget\" data-widget_type=\"heading.default\">\n\t\t\t\t<div class=\"elementor-widget-container\">\n\t\t\t\t\t<h6 class=\"elementor-heading-title elementor-size-default\">u nekoliko rije\u010di<\/h6>\t\t\t\t<\/div>\n\t\t\t\t<\/div>\n\t\t\t\t<div class=\"elementor-element elementor-element-8a933be elementor-widget elementor-widget-heading\" data-id=\"8a933be\" data-element_type=\"widget\" data-e-type=\"widget\" data-widget_type=\"heading.default\">\n\t\t\t\t<div class=\"elementor-widget-container\">\n\t\t\t\t\t<h1 class=\"elementor-heading-title elementor-size-default\">Zaklada <br> <strong>Glavic Clinic<\/h1>\t\t\t\t<\/div>\n\t\t\t\t<\/div>\n\t\t\t\t<\/div>\n\t\t\t\t\t<\/div>\n\t\t\t\t<\/div>\n\t\t<div class=\"elementor-element elementor-element-2683b9eb e-flex e-con-boxed e-con e-parent\" data-id=\"2683b9eb\" data-element_type=\"container\" data-e-type=\"container\" data-settings=\"{&quot;background_background&quot;:&quot;classic&quot;}\">\n\t\t\t\t\t<div class=\"e-con-inner\">\n\t\t<div class=\"elementor-element elementor-element-6d51b50d e-con-full e-flex e-con e-child\" data-id=\"6d51b50d\" data-element_type=\"container\" data-e-type=\"container\">\n\t\t\t\t<div class=\"elementor-element elementor-element-44c34719 elementor-widget elementor-widget-heading\" data-id=\"44c34719\" data-element_type=\"widget\" data-e-type=\"widget\" data-widget_type=\"heading.default\">\n\t\t\t\t<div class=\"elementor-widget-container\">\n\t\t\t\t\t<h6 class=\"elementor-heading-title elementor-size-default\">O nama<\/h6>\t\t\t\t<\/div>\n\t\t\t\t<\/div>\n\t\t\t\t<div class=\"elementor-element elementor-element-69e6b688 elementor-widget elementor-widget-heading\" data-id=\"69e6b688\" data-element_type=\"widget\" data-e-type=\"widget\" data-widget_type=\"heading.default\">\n\t\t\t\t<div class=\"elementor-widget-container\">\n\t\t\t\t\t<h2 class=\"elementor-heading-title elementor-size-default\">Vra\u0107amo izgubljenu nadu i <strong>dostojanstvo.<\/strong> Dolazimo do onih kojima smo najpotrebniji<\/h2>\t\t\t\t<\/div>\n\t\t\t\t<\/div>\n\t\t\t\t<div class=\"elementor-element elementor-element-c67b22d elementor-widget elementor-widget-text-editor\" data-id=\"c67b22d\" data-element_type=\"widget\" data-e-type=\"widget\" data-widget_type=\"text-editor.default\">\n\t\t\t\t<div class=\"elementor-widget-container\">\n\t\t\t\t\t\t\t\t\t<p>S vi\u0161e od 30 godina klini\u010dkog iskustva na dva kontinenta, s centrima u Miamiju, Madridu, Zagrebu i Dubrovniku, putem Glavic Clinic pomogli smo oporavak tisu\u0107a ljudi. <strong>Zaklada Glavic Clinic<\/strong> nastala je iz nebrojenih trenutaka u kojima smo svjedo\u010dili kako nada o\u017eivljava i oporavak postaje mogu\u0107. Stvorena je kako bi do\u0161la do onih koji ina\u010de ne mogu do nas.<\/p>\t\t\t\t\t\t\t\t<\/div>\n\t\t\t\t<\/div>\n\t\t\t\t<\/div>\n\t\t\t\t\t<\/div>\n\t\t\t\t<\/div>\n\t\t<div class=\"elementor-element elementor-element-69faeb8 e-flex e-con-boxed e-con e-parent\" data-id=\"69faeb8\" data-element_type=\"container\" data-e-type=\"container\" data-settings=\"{&quot;background_background&quot;:&quot;classic&quot;}\">\n\t\t\t\t\t<div class=\"e-con-inner\">\n\t\t<div class=\"elementor-element elementor-element-28efc16 e-con-full e-flex e-con e-child\" data-id=\"28efc16\" data-element_type=\"container\" data-e-type=\"container\">\n\t\t\t\t<div class=\"elementor-element elementor-element-139e36a elementor-widget elementor-widget-heading\" data-id=\"139e36a\" data-element_type=\"widget\" data-e-type=\"widget\" data-widget_type=\"heading.default\">\n\t\t\t\t<div class=\"elementor-widget-container\">\n\t\t\t\t\t<h6 class=\"elementor-heading-title elementor-size-default\">po brojkama<\/h6>\t\t\t\t<\/div>\n\t\t\t\t<\/div>\n\t\t\t\t<div class=\"elementor-element elementor-element-b6cb611 elementor-widget-divider--view-line elementor-widget elementor-widget-divider\" data-id=\"b6cb611\" data-element_type=\"widget\" data-e-type=\"widget\" data-widget_type=\"divider.default\">\n\t\t\t\t<div class=\"elementor-widget-container\">\n\t\t\t\t\t\t\t<div class=\"elementor-divider\">\n\t\t\t<span class=\"elementor-divider-separator\">\n\t\t\t\t\t\t<\/span>\n\t\t<\/div>\n\t\t\t\t\t\t<\/div>\n\t\t\t\t<\/div>\n\t\t\t\t<div class=\"elementor-element elementor-element-d7c810e elementor-widget elementor-widget-heading\" data-id=\"d7c810e\" data-element_type=\"widget\" data-e-type=\"widget\" data-widget_type=\"heading.default\">\n\t\t\t\t<div class=\"elementor-widget-container\">\n\t\t\t\t\t<h3 class=\"elementor-heading-title elementor-size-default\">Svake godine <strong>30%<\/strong> pacijenta dobije besplatnu njegu u Glavic Clinic. <br> Jer oporavak nema cijenu.<\/h3>\t\t\t\t<\/div>\n\t\t\t\t<\/div>\n\t\t\t\t<div class=\"elementor-element elementor-element-d6e60f6 elementor-align-center elementor-widget elementor-widget-button\" data-id=\"d6e60f6\" data-element_type=\"widget\" data-e-type=\"widget\" data-widget_type=\"button.default\">\n\t\t\t\t<div class=\"elementor-widget-container\">\n\t\t\t\t\t\t\t\t\t<div class=\"elementor-button-wrapper\">\n\t\t\t\t\t<a class=\"elementor-button elementor-button-link elementor-size-sm\" href=\"#\">\n\t\t\t\t\t\t<span class=\"elementor-button-content-wrapper\">\n\t\t\t\t\t\t\t\t\t<span class=\"elementor-button-text\">Pridru\u017eite se<\/span>\n\t\t\t\t\t<\/span>\n\t\t\t\t\t<\/a>\n\t\t\t\t<\/div>\n\t\t\t\t\t\t\t\t<\/div>\n\t\t\t\t<\/div>\n\t\t\t\t<\/div>\n\t\t\t\t\t<\/div>\n\t\t\t\t<\/div>\n\t\t<div class=\"elementor-element elementor-element-7b4ed4c e-flex e-con-boxed e-con e-parent\" data-id=\"7b4ed4c\" data-element_type=\"container\" data-e-type=\"container\">\n\t\t\t\t\t<div class=\"e-con-inner\">\n\t\t\t\t<div class=\"elementor-element elementor-element-9783ee3 elementor-widget elementor-widget-spacer\" data-id=\"9783ee3\" data-element_type=\"widget\" data-e-type=\"widget\" data-widget_type=\"spacer.default\">\n\t\t\t\t<div class=\"elementor-widget-container\">\n\t\t\t\t\t\t\t<div class=\"elementor-spacer\">\n\t\t\t<div class=\"elementor-spacer-inner\"><\/div>\n\t\t<\/div>\n\t\t\t\t\t\t<\/div>\n\t\t\t\t<\/div>\n\t\t\t\t\t<\/div>\n\t\t\t\t<\/div>\n\t\t<div class=\"elementor-element elementor-element-3512aedc e-flex e-con-boxed e-con e-parent\" data-id=\"3512aedc\" data-element_type=\"container\" data-e-type=\"container\" data-settings=\"{&quot;background_background&quot;:&quot;classic&quot;}\">\n\t\t\t\t\t<div class=\"e-con-inner\">\n\t\t<div class=\"elementor-element elementor-element-42bf8754 e-con-full e-flex e-con e-child\" data-id=\"42bf8754\" data-element_type=\"container\" data-e-type=\"container\">\n\t\t\t\t<div class=\"elementor-element elementor-element-5d9b47d2 elementor-widget elementor-widget-heading\" data-id=\"5d9b47d2\" data-element_type=\"widget\" data-e-type=\"widget\" data-widget_type=\"heading.default\">\n\t\t\t\t<div class=\"elementor-widget-container\">\n\t\t\t\t\t<h6 class=\"elementor-heading-title elementor-size-default\">\u0160to radimo<\/h6>\t\t\t\t<\/div>\n\t\t\t\t<\/div>\n\t\t\t\t<div class=\"elementor-element elementor-element-134fe347 elementor-widget elementor-widget-heading\" data-id=\"134fe347\" data-element_type=\"widget\" data-e-type=\"widget\" data-widget_type=\"heading.default\">\n\t\t\t\t<div class=\"elementor-widget-container\">\n\t\t\t\t\t<h2 class=\"elementor-heading-title elementor-size-default\">Na\u0161a \u010detiri klju\u010dna podru\u010dja\n<\/h2>\t\t\t\t<\/div>\n\t\t\t\t<\/div>\n\t\t\t\t<div class=\"elementor-element elementor-element-4a01767a elementor-widget-divider--view-line elementor-widget elementor-widget-divider\" data-id=\"4a01767a\" data-element_type=\"widget\" data-e-type=\"widget\" data-widget_type=\"divider.default\">\n\t\t\t\t<div class=\"elementor-widget-container\">\n\t\t\t\t\t\t\t<div class=\"elementor-divider\">\n\t\t\t<span class=\"elementor-divider-separator\">\n\t\t\t\t\t\t<\/span>\n\t\t<\/div>\n\t\t\t\t\t\t<\/div>\n\t\t\t\t<\/div>\n\t\t\t\t<div class=\"elementor-element elementor-element-14b2fa2f elementor-widget elementor-widget-text-editor\" data-id=\"14b2fa2f\" data-element_type=\"widget\" data-e-type=\"widget\" data-widget_type=\"text-editor.default\">\n\t\t\t\t<div class=\"elementor-widget-container\">\n\t\t\t\t\t\t\t\t\t<p>Kako smo rasli, sve vi\u0161e pri\u010da nas je pronalazilo: pri\u010de o ljudima koji \u017eive s invaliditetom, u siroma\u0161tvu i bez pristupa zdravstvenoj skrbi. Nismo mogli samo stajati po strani. Morali smo u\u010diniti vi\u0161e.<\/p><p>Tako se rodila <strong>Zaklada Glavic Clinic<\/strong> Jer svaka pri\u010da zaslu\u017euje priliku za ozdravljenje.<\/p>\t\t\t\t\t\t\t\t<\/div>\n\t\t\t\t<\/div>\n\t\t\t\t<\/div>\n\t\t\t\t\t<\/div>\n\t\t\t\t<\/div>\n\t\t<div class=\"elementor-element elementor-element-bb5ba79 e-flex e-con-boxed e-con e-parent\" data-id=\"bb5ba79\" data-element_type=\"container\" data-e-type=\"container\" data-settings=\"{&quot;background_background&quot;:&quot;classic&quot;}\">\n\t\t\t\t\t<div class=\"e-con-inner\">\n\t\t<div class=\"elementor-element elementor-element-71074cac e-con-full e-flex e-con e-child\" data-id=\"71074cac\" data-element_type=\"container\" data-e-type=\"container\">\n\t\t\t\t<div class=\"elementor-element elementor-element-656cb8c3 elementor-widget elementor-widget-image\" data-id=\"656cb8c3\" data-element_type=\"widget\" data-e-type=\"widget\" data-widget_type=\"image.default\">\n\t\t\t\t<div class=\"elementor-widget-container\">\n\t\t\t\t\t\t\t\t\t\t\t\t\t\t\t\t<a href=\"#\">\n\t\t\t\t\t\t\t<img decoding=\"async\" src=\"https:\/\/glavicclinicfoundation.org\/wp-content\/uploads\/elementor\/thumbs\/charity-clinic-glavic-clinic-foundation-1-rhk0t16s4kw022mr1dwzxobjp6m2pcak6n3wm5wyb0.webp\" title=\"dobrotvorna klinika Glavic klinika fondacija\" alt=\"dobrotvorna klinika Glavic klinika fondacija\" loading=\"lazy\" \/>\t\t\t\t\t\t\t\t<\/a>\n\t\t\t\t\t\t\t\t\t\t\t\t\t\t\t<\/div>\n\t\t\t\t<\/div>\n\t\t\t\t<div class=\"elementor-element elementor-element-37168f6 elementor-widget elementor-widget-heading\" data-id=\"37168f6\" data-element_type=\"widget\" data-e-type=\"widget\" data-widget_type=\"heading.default\">\n\t\t\t\t<div class=\"elementor-widget-container\">\n\t\t\t\t\t<h6 class=\"elementor-heading-title elementor-size-default\">1. Dobrotvorne klinike<\/h6>\t\t\t\t<\/div>\n\t\t\t\t<\/div>\n\t\t\t\t<div class=\"elementor-element elementor-element-5b18b0ce elementor-widget-divider--view-line elementor-widget elementor-widget-divider\" data-id=\"5b18b0ce\" data-element_type=\"widget\" data-e-type=\"widget\" data-widget_type=\"divider.default\">\n\t\t\t\t<div class=\"elementor-widget-container\">\n\t\t\t\t\t\t\t<div class=\"elementor-divider\">\n\t\t\t<span class=\"elementor-divider-separator\">\n\t\t\t\t\t\t<\/span>\n\t\t<\/div>\n\t\t\t\t\t\t<\/div>\n\t\t\t\t<\/div>\n\t\t\t\t<div class=\"elementor-element elementor-element-5bfd1a47 elementor-widget elementor-widget-heading\" data-id=\"5bfd1a47\" data-element_type=\"widget\" data-e-type=\"widget\" data-widget_type=\"heading.default\">\n\t\t\t\t<div class=\"elementor-widget-container\">\n\t\t\t\t\t<h4 class=\"elementor-heading-title elementor-size-default\"><a href=\"#\">Osiguravamo skrb u nerazvijenim podru\u010djima<\/a><\/h4>\t\t\t\t<\/div>\n\t\t\t\t<\/div>\n\t\t\t\t<div class=\"elementor-element elementor-element-18250640 elementor-widget elementor-widget-text-editor\" data-id=\"18250640\" data-element_type=\"widget\" data-e-type=\"widget\" data-widget_type=\"text-editor.default\">\n\t\t\t\t<div class=\"elementor-widget-container\">\n\t\t\t\t\t\t\t\t\t<p>U mnogim nedovoljno opskrbljenim regijama, pristup kvalitetnoj rehabilitaciji jo\u0161 je uvijek nedosti\u017ean. Pre\u010desto ljudi \u017eive bez potrebne skrbi, \u0161to dovodi do dugotrajne patnje i komplikacija koje se mogu sprije\u010diti.<br \/>Gradnjom <strong>dobrotvornih klinika<\/strong> u nerazvijenim podru\u010djima pru\u017eamo neurorehabilitaciju onima koji do nje ne mogu doprijeti.<br \/>Obukom timova i ja\u010danjem lokalnih kapaciteta osiguravamo da skrb uvijek bude dostupna.<\/p>\t\t\t\t\t\t\t\t<\/div>\n\t\t\t\t<\/div>\n\t\t\t\t<\/div>\n\t\t<div class=\"elementor-element elementor-element-4074c791 e-con-full e-flex e-con e-child\" data-id=\"4074c791\" data-element_type=\"container\" data-e-type=\"container\">\n\t\t\t\t<div class=\"elementor-element elementor-element-4f6e65af elementor-widget elementor-widget-image\" data-id=\"4f6e65af\" data-element_type=\"widget\" data-e-type=\"widget\" data-widget_type=\"image.default\">\n\t\t\t\t<div class=\"elementor-widget-container\">\n\t\t\t\t\t\t\t\t\t\t\t\t\t\t\t\t<a href=\"#\">\n\t\t\t\t\t\t\t<img decoding=\"async\" src=\"https:\/\/glavicclinicfoundation.org\/wp-content\/uploads\/elementor\/thumbs\/charity-patient-glavic-clinic-foundation-1-rhk0swhl6epkg0tkstvv37i8q998murwhzuh7s3x64.webp\" title=\"Zaklada dobrotvorne pacijentske klinike Glavic\" alt=\"Zaklada dobrotvorne pacijentske klinike Glavic; izvor: ranplett\/istockphoto.com\" loading=\"lazy\" \/>\t\t\t\t\t\t\t\t<\/a>\n\t\t\t\t\t\t\t\t\t\t\t\t\t\t\t<\/div>\n\t\t\t\t<\/div>\n\t\t\t\t<div class=\"elementor-element elementor-element-4d95d089 elementor-widget elementor-widget-heading\" data-id=\"4d95d089\" data-element_type=\"widget\" data-e-type=\"widget\" data-widget_type=\"heading.default\">\n\t\t\t\t<div class=\"elementor-widget-container\">\n\t\t\t\t\t<h6 class=\"elementor-heading-title elementor-size-default\">2. Humanitarni pacijenti<\/h6>\t\t\t\t<\/div>\n\t\t\t\t<\/div>\n\t\t\t\t<div class=\"elementor-element elementor-element-6594a79c elementor-widget-divider--view-line elementor-widget elementor-widget-divider\" data-id=\"6594a79c\" data-element_type=\"widget\" data-e-type=\"widget\" data-widget_type=\"divider.default\">\n\t\t\t\t<div class=\"elementor-widget-container\">\n\t\t\t\t\t\t\t<div class=\"elementor-divider\">\n\t\t\t<span class=\"elementor-divider-separator\">\n\t\t\t\t\t\t<\/span>\n\t\t<\/div>\n\t\t\t\t\t\t<\/div>\n\t\t\t\t<\/div>\n\t\t\t\t<div class=\"elementor-element elementor-element-16d2ff81 elementor-widget elementor-widget-heading\" data-id=\"16d2ff81\" data-element_type=\"widget\" data-e-type=\"widget\" data-widget_type=\"heading.default\">\n\t\t\t\t<div class=\"elementor-widget-container\">\n\t\t\t\t\t<h4 class=\"elementor-heading-title elementor-size-default\"><a href=\"#\">Terapije za socijalno ugro\u017eene osobe s invaliditetom<\/a><\/h4>\t\t\t\t<\/div>\n\t\t\t\t<\/div>\n\t\t\t\t<div class=\"elementor-element elementor-element-21fc5535 elementor-widget elementor-widget-text-editor\" data-id=\"21fc5535\" data-element_type=\"widget\" data-e-type=\"widget\" data-widget_type=\"text-editor.default\">\n\t\t\t\t<div class=\"elementor-widget-container\">\n\t\t\t\t\t\t\t\t\t<p>Uklanjanjem financijskih prepreka dajemo nadu i otvaramo vrata boljoj kvaliteti \u017eivota.<\/p><p>Putem <strong>humanitarnih neurorehabilitacijskih programa<\/strong> osiguravamo besplatno suvremeno lije\u010denje osobama s invaliditetom koje si ne mogu priu\u0161titi njegu.<\/p><p>Svaka pri\u010da o uspjehu dokaz je \u0161to dostupna skrb mo\u017ee u\u010diniti: povratak djece u \u0161kolu, povratak roditelja na posao i povratak pojedinaca u svoje zajednice, s obnovljenom snagom i samopouzdanjem.<\/p>\t\t\t\t\t\t\t\t<\/div>\n\t\t\t\t<\/div>\n\t\t\t\t<\/div>\n\t\t\t\t\t<\/div>\n\t\t\t\t<\/div>\n\t\t<div class=\"elementor-element elementor-element-454f3cec e-flex e-con-boxed e-con e-parent\" data-id=\"454f3cec\" data-element_type=\"container\" data-e-type=\"container\">\n\t\t\t\t\t<div class=\"e-con-inner\">\n\t\t<div class=\"elementor-element elementor-element-2058604f e-con-full e-flex e-con e-child\" data-id=\"2058604f\" data-element_type=\"container\" data-e-type=\"container\">\n\t\t\t\t<div class=\"elementor-element elementor-element-2ae99c11 elementor-widget elementor-widget-image\" data-id=\"2ae99c11\" data-element_type=\"widget\" data-e-type=\"widget\" data-widget_type=\"image.default\">\n\t\t\t\t<div class=\"elementor-widget-container\">\n\t\t\t\t\t\t\t\t\t\t\t\t\t\t\t\t<a href=\"#\">\n\t\t\t\t\t\t\t<img decoding=\"async\" src=\"https:\/\/glavicclinicfoundation.org\/wp-content\/uploads\/elementor\/thumbs\/education-glavic-clinic-foundation-1-rhk0rndc2czsyqn44adrriw47rfmddssbsj66hytgs.webp\" title=\"obrazovanje Glavic klinika zaklada\" alt=\"obrazovanje Glavic klinika zaklada\" loading=\"lazy\" \/>\t\t\t\t\t\t\t\t<\/a>\n\t\t\t\t\t\t\t\t\t\t\t\t\t\t\t<\/div>\n\t\t\t\t<\/div>\n\t\t\t\t<div class=\"elementor-element elementor-element-14a90246 elementor-widget elementor-widget-heading\" data-id=\"14a90246\" data-element_type=\"widget\" data-e-type=\"widget\" data-widget_type=\"heading.default\">\n\t\t\t\t<div class=\"elementor-widget-container\">\n\t\t\t\t\t<h6 class=\"elementor-heading-title elementor-size-default\">3. Stipendije<\/h6>\t\t\t\t<\/div>\n\t\t\t\t<\/div>\n\t\t\t\t<div class=\"elementor-element elementor-element-73ba9c8d elementor-widget-divider--view-line elementor-widget elementor-widget-divider\" data-id=\"73ba9c8d\" data-element_type=\"widget\" data-e-type=\"widget\" data-widget_type=\"divider.default\">\n\t\t\t\t<div class=\"elementor-widget-container\">\n\t\t\t\t\t\t\t<div class=\"elementor-divider\">\n\t\t\t<span class=\"elementor-divider-separator\">\n\t\t\t\t\t\t<\/span>\n\t\t<\/div>\n\t\t\t\t\t\t<\/div>\n\t\t\t\t<\/div>\n\t\t\t\t<div class=\"elementor-element elementor-element-7e061d52 elementor-widget elementor-widget-heading\" data-id=\"7e061d52\" data-element_type=\"widget\" data-e-type=\"widget\" data-widget_type=\"heading.default\">\n\t\t\t\t<div class=\"elementor-widget-container\">\n\t\t\t\t\t<h4 class=\"elementor-heading-title elementor-size-default\"><a href=\"#\">Edukacija stru\u010dnjaka za pobolj\u0161anje skrbi za pacijente<\/a><\/h4>\t\t\t\t<\/div>\n\t\t\t\t<\/div>\n\t\t\t\t<div class=\"elementor-element elementor-element-3ad0e9a1 elementor-widget elementor-widget-text-editor\" data-id=\"3ad0e9a1\" data-element_type=\"widget\" data-e-type=\"widget\" data-widget_type=\"text-editor.default\">\n\t\t\t\t<div class=\"elementor-widget-container\">\n\t\t\t\t\t\t\t\t\t<p>Budu\u0107nost rehabilitacije ovisi o stru\u010dnosti i empatiji onih koji se odlu\u010de slu\u017eiti.<br \/>Zato na\u0161 <strong>program stipendiranja<\/strong> poma\u017ee budu\u0107im stru\u010dnjacima da izgrade vje\u0161tine i znanja za oblikovanje sutra\u0161nje skrbi.<br \/>Obrazovanjem, osposobljavanjem i izgradnjom kapaciteta, pripremamo novu generaciju stru\u010dnjaka spremnih pru\u017eati visokokvalitetnu i suosje\u0107ajnu skrb osobama s invaliditetom diljem svijeta.<\/p>\t\t\t\t\t\t\t\t<\/div>\n\t\t\t\t<\/div>\n\t\t\t\t<\/div>\n\t\t<div class=\"elementor-element elementor-element-328d788d e-con-full e-flex e-con e-child\" data-id=\"328d788d\" data-element_type=\"container\" data-e-type=\"container\">\n\t\t\t\t<div class=\"elementor-element elementor-element-7395822d elementor-widget elementor-widget-image\" data-id=\"7395822d\" data-element_type=\"widget\" data-e-type=\"widget\" data-widget_type=\"image.default\">\n\t\t\t\t<div class=\"elementor-widget-container\">\n\t\t\t\t\t\t\t\t\t\t\t\t\t\t\t\t<a href=\"#\">\n\t\t\t\t\t\t\t<img decoding=\"async\" src=\"https:\/\/glavicclinicfoundation.org\/wp-content\/uploads\/elementor\/thumbs\/disablity-project-glavic-clinic-foundation-1-rhk0squk1ehuid1rprg3o8xh5y11co5ih7xkc4ca7g.webp\" title=\"projekt za osobe s invaliditetom, zaklada klinike Glavic\" alt=\"projekt za osobe s invaliditetom, zaklada klinike Glavic\" loading=\"lazy\" \/>\t\t\t\t\t\t\t\t<\/a>\n\t\t\t\t\t\t\t\t\t\t\t\t\t\t\t<\/div>\n\t\t\t\t<\/div>\n\t\t\t\t<div class=\"elementor-element elementor-element-4df783f5 elementor-widget elementor-widget-heading\" data-id=\"4df783f5\" data-element_type=\"widget\" data-e-type=\"widget\" data-widget_type=\"heading.default\">\n\t\t\t\t<div class=\"elementor-widget-container\">\n\t\t\t\t\t<h6 class=\"elementor-heading-title elementor-size-default\">4. Projekti za osobe s invaliditetom<\/h6>\t\t\t\t<\/div>\n\t\t\t\t<\/div>\n\t\t\t\t<div class=\"elementor-element elementor-element-352eaa5b elementor-widget-divider--view-line elementor-widget elementor-widget-divider\" data-id=\"352eaa5b\" data-element_type=\"widget\" data-e-type=\"widget\" data-widget_type=\"divider.default\">\n\t\t\t\t<div class=\"elementor-widget-container\">\n\t\t\t\t\t\t\t<div class=\"elementor-divider\">\n\t\t\t<span class=\"elementor-divider-separator\">\n\t\t\t\t\t\t<\/span>\n\t\t<\/div>\n\t\t\t\t\t\t<\/div>\n\t\t\t\t<\/div>\n\t\t\t\t<div class=\"elementor-element elementor-element-55e32916 elementor-widget elementor-widget-heading\" data-id=\"55e32916\" data-element_type=\"widget\" data-e-type=\"widget\" data-widget_type=\"heading.default\">\n\t\t\t\t<div class=\"elementor-widget-container\">\n\t\t\t\t\t<h4 class=\"elementor-heading-title elementor-size-default\"><a href=\"#\">Osna\u017eivanje pojedinaca kroz inkluzivne projekte<\/a><\/h4>\t\t\t\t<\/div>\n\t\t\t\t<\/div>\n\t\t\t\t<div class=\"elementor-element elementor-element-1313b102 elementor-widget elementor-widget-text-editor\" data-id=\"1313b102\" data-element_type=\"widget\" data-e-type=\"widget\" data-widget_type=\"text-editor.default\">\n\t\t\t\t<div class=\"elementor-widget-container\">\n\t\t\t\t\t\t\t\t\t<p>Vjerujemo da invaliditet ne definira ne\u010diji potencijal jer svatko zaslu\u017euje priliku \u017eivjeti punim i osna\u017eenim \u017eivotom.<br \/>Gradnjom <strong>Projektima za osobe s invaliditetom<\/strong> podr\u017eavamo inkluzivne inicijative, poma\u017eemo osobama s invaliditetom da steknu ve\u0107u samostalnost i ravnopravno sudjeluju u dru\u0161tvu.<br \/>Od programa u zajednici do kampanja za podizanje svijesti, svaki je projekt osmi\u0161ljen kako bi izgradio svijet koji vidi sposobnosti, a ne ograni\u010denja.<\/p>\t\t\t\t\t\t\t\t<\/div>\n\t\t\t\t<\/div>\n\t\t\t\t<\/div>\n\t\t\t\t\t<\/div>\n\t\t\t\t<\/div>\n\t\t\t\t<\/div>","protected":false},"excerpt":{"rendered":"<p>in a few words Glavic Clinic Foundation About us Restoring Hope, Dignity &amp; Possibility. Reaching Those Who Need Us Most With over 30 years of clinical experience across two continents, with centers in Miami, Madrid, Zagreb, and Dubrovnik, Glavic Clinic has helped thousands recover. The Glavic Clinic Foundation was born from countless moments of hope [&hellip;]<\/p>\n","protected":false},"author":1,"featured_media":0,"parent":0,"menu_order":0,"comment_status":"closed","ping_status":"closed","template":"","meta":{"site-sidebar-layout":"no-sidebar","site-content-layout":"page-builder","ast-site-content-layout":"full-width-container","site-content-style":"unboxed","site-sidebar-style":"unboxed","ast-global-header-display":"","ast-banner-title-visibility":"","ast-main-header-display":"","ast-hfb-above-header-display":"","ast-hfb-below-header-display":"","ast-hfb-mobile-header-display":"","site-post-title":"disabled","ast-breadcrumbs-content":"disabled","ast-featured-img":"disabled","footer-sml-layout":"","ast-disable-related-posts":"","theme-transparent-header-meta":"enabled","adv-header-id-meta":"","stick-header-meta":"","header-above-stick-meta":"","header-main-stick-meta":"","header-below-stick-meta":"","astra-migrate-meta-layouts":"set","ast-page-background-enabled":"default","ast-page-background-meta":{"desktop":{"background-color":"","background-image":"","background-repeat":"repeat","background-position":"center center","background-size":"auto","background-attachment":"scroll","background-type":"","background-media":"","overlay-type":"","overlay-color":"","overlay-opacity":"","overlay-gradient":""},"tablet":{"background-color":"","background-image":"","background-repeat":"repeat","background-position":"center center","background-size":"auto","background-attachment":"scroll","background-type":"","background-media":"","overlay-type":"","overlay-color":"","overlay-opacity":"","overlay-gradient":""},"mobile":{"background-color":"","background-image":"","background-repeat":"repeat","background-position":"center center","background-size":"auto","background-attachment":"scroll","background-type":"","background-media":"","overlay-type":"","overlay-color":"","overlay-opacity":"","overlay-gradient":""}},"ast-content-background-meta":{"desktop":{"background-color":"var(--ast-global-color-5)","background-image":"","background-repeat":"repeat","background-position":"center center","background-size":"auto","background-attachment":"scroll","background-type":"","background-media":"","overlay-type":"","overlay-color":"","overlay-opacity":"","overlay-gradient":""},"tablet":{"background-color":"var(--ast-global-color-5)","background-image":"","background-repeat":"repeat","background-position":"center center","background-size":"auto","background-attachment":"scroll","background-type":"","background-media":"","overlay-type":"","overlay-color":"","overlay-opacity":"","overlay-gradient":""},"mobile":{"background-color":"var(--ast-global-color-5)","background-image":"","background-repeat":"repeat","background-position":"center center","background-size":"auto","background-attachment":"scroll","background-type":"","background-media":"","overlay-type":"","overlay-color":"","overlay-opacity":"","overlay-gradient":""}},"footnotes":""},"class_list":["post-384","page","type-page","status-publish","hentry"],"_links":{"self":[{"href":"https:\/\/glavicclinicfoundation.org\/hr\/wp-json\/wp\/v2\/pages\/384","targetHints":{"allow":["GET"]}}],"collection":[{"href":"https:\/\/glavicclinicfoundation.org\/hr\/wp-json\/wp\/v2\/pages"}],"about":[{"href":"https:\/\/glavicclinicfoundation.org\/hr\/wp-json\/wp\/v2\/types\/page"}],"author":[{"embeddable":true,"href":"https:\/\/glavicclinicfoundation.org\/hr\/wp-json\/wp\/v2\/users\/1"}],"replies":[{"embeddable":true,"href":"https:\/\/glavicclinicfoundation.org\/hr\/wp-json\/wp\/v2\/comments?post=384"}],"version-history":[{"count":77,"href":"https:\/\/glavicclinicfoundation.org\/hr\/wp-json\/wp\/v2\/pages\/384\/revisions"}],"predecessor-version":[{"id":1452,"href":"https:\/\/glavicclinicfoundation.org\/hr\/wp-json\/wp\/v2\/pages\/384\/revisions\/1452"}],"wp:attachment":[{"href":"https:\/\/glavicclinicfoundation.org\/hr\/wp-json\/wp\/v2\/media?parent=384"}],"curies":[{"name":"wp","href":"https:\/\/api.w.org\/{rel}","templated":true}]}}